{"id":32441,"date":"2023-06-28T11:21:55","date_gmt":"2023-06-28T10:21:55","guid":{"rendered":"https:\/\/www.jelenov-greben.si\/trgovina\/?post_type=product&#038;p=32441"},"modified":"2026-03-05T14:26:07","modified_gmt":"2026-03-05T13:26:07","slug":"domace-dobrote","status":"publish","type":"product","link":"https:\/\/www.jelenov-greben.si\/trgovina\/izdelek\/domace-dobrote\/","title":{"rendered":"LOVSKI PAKET"},"content":{"rendered":"<p><strong>Darilo za dedka\/ darilo za o\u010deta \/ poslovna darila \/ darilo za rojstni dan \/ darilo za posebne prilo\u017enosti \/ darilo za poroko \/ poro\u010dno darilo \/ darilo \/ darilo za star\u0161e \/ darilo za poslovne partnerje \/ made in Slovenia \/ Slovenija \/ darilo \/<\/strong><\/p>\n","protected":false},"excerpt":{"rendered":"<p>PAKET VSEBUJE:<\/p>\n<ul>\n<li>borovni\u010devec ali vi\u0161njevec 250ml (napi\u0161ite v opombe)<\/li>\n<li>doma\u010da jelenja salama (cca. 300g)<\/li>\n<li>med z leseno \u017eli\u010dko v lepenki 106g<\/li>\n<li>mladi sir s poprom cca. 300g<\/li>\n<li>eleganca M embala\u017ea<\/li>\n<\/ul>\n","protected":false},"featured_media":33514,"template":"","meta":[],"product_brand":[],"product_cat":[236,230],"product_tag":[],"class_list":{"0":"post-32441","1":"product","2":"type-product","3":"status-publish","4":"has-post-thumbnail","6":"product_cat-sestavljeni-paketi","7":"product_cat-suhe-mesnine-in-siri","10":"first","11":"instock","12":"shipping-taxable","13":"purchasable","14":"product-type-simple"},"_links":{"self":[{"href":"https:\/\/www.jelenov-greben.si\/trgovina\/wp-json\/wp\/v2\/product\/32441","targetHints":{"allow":["GET"]}}],"collection":[{"href":"https:\/\/www.jelenov-greben.si\/trgovina\/wp-json\/wp\/v2\/product"}],"about":[{"href":"https:\/\/www.jelenov-greben.si\/trgovina\/wp-json\/wp\/v2\/types\/product"}],"wp:featuredmedia":[{"embeddable":true,"href":"https:\/\/www.jelenov-greben.si\/trgovina\/wp-json\/wp\/v2\/media\/33514"}],"wp:attachment":[{"href":"https:\/\/www.jelenov-greben.si\/trgovina\/wp-json\/wp\/v2\/media?parent=32441"}],"wp:term":[{"taxonomy":"product_brand","embeddable":true,"href":"https:\/\/www.jelenov-greben.si\/trgovina\/wp-json\/wp\/v2\/product_brand?post=32441"},{"taxonomy":"product_cat","embeddable":true,"href":"https:\/\/www.jelenov-greben.si\/trgovina\/wp-json\/wp\/v2\/product_cat?post=32441"},{"taxonomy":"product_tag","embeddable":true,"href":"https:\/\/www.jelenov-greben.si\/trgovina\/wp-json\/wp\/v2\/product_tag?post=32441"}],"curies":[{"name":"wp","href":"https:\/\/api.w.org\/{rel}","templated":true}]}}