{"id":32898,"date":"2023-10-11T11:17:36","date_gmt":"2023-10-11T10:17:36","guid":{"rendered":"https:\/\/www.jelenov-greben.si\/trgovina\/?post_type=product&#038;p=32898"},"modified":"2026-03-25T14:54:52","modified_gmt":"2026-03-25T13:54:52","slug":"skrinjica-sladkosti","status":"publish","type":"product","link":"https:\/\/www.jelenov-greben.si\/trgovina\/izdelek\/skrinjica-sladkosti\/","title":{"rendered":"SKRINJICA SLADKOSTI"},"content":{"rendered":"<p><strong>Darilo za dedka\/ darilo za mamo\/ darilo za babico\/ darilo za o\u010deta \/ poslovna darila \/ darilo za rojstni dan \/ darilo za posebne prilo\u017enosti \/ darilo za poroko \/ poro\u010dno darilo \/ darilo \/ darilo za star\u0161e \/ darilo za poslovne partnerje \/ darilo za zlato poroko \/ darilo za abrahama\/<\/strong><strong>\u00a0made in Slovenia \/ Slovenija \/ darilo \/<\/strong><\/p>\n","protected":false},"excerpt":{"rendered":"<p>Skrinjica vklju\u010duje:<\/p>\n<ul>\n<li>borovni\u010devec ali vi\u0161njevec (napi\u0161ite v opombe) 250ml<\/li>\n<li>doma\u010de pi\u0161kote 150g<\/li>\n<li>jagodno marmelado 245g<\/li>\n<li>jagodni sok 200ml ( ali drug po izbiri, napi\u0161ite v opombe)<\/li>\n<li>eleganca M embala\u017ea<\/li>\n<\/ul>\n","protected":false},"featured_media":33385,"template":"","meta":[],"product_brand":[],"product_cat":[236],"product_tag":[],"class_list":{"0":"post-32898","1":"product","2":"type-product","3":"status-publish","4":"has-post-thumbnail","6":"product_cat-sestavljeni-paketi","9":"first","10":"instock","11":"shipping-taxable","12":"purchasable","13":"product-type-simple"},"_links":{"self":[{"href":"https:\/\/www.jelenov-greben.si\/trgovina\/wp-json\/wp\/v2\/product\/32898","targetHints":{"allow":["GET"]}}],"collection":[{"href":"https:\/\/www.jelenov-greben.si\/trgovina\/wp-json\/wp\/v2\/product"}],"about":[{"href":"https:\/\/www.jelenov-greben.si\/trgovina\/wp-json\/wp\/v2\/types\/product"}],"wp:featuredmedia":[{"embeddable":true,"href":"https:\/\/www.jelenov-greben.si\/trgovina\/wp-json\/wp\/v2\/media\/33385"}],"wp:attachment":[{"href":"https:\/\/www.jelenov-greben.si\/trgovina\/wp-json\/wp\/v2\/media?parent=32898"}],"wp:term":[{"taxonomy":"product_brand","embeddable":true,"href":"https:\/\/www.jelenov-greben.si\/trgovina\/wp-json\/wp\/v2\/product_brand?post=32898"},{"taxonomy":"product_cat","embeddable":true,"href":"https:\/\/www.jelenov-greben.si\/trgovina\/wp-json\/wp\/v2\/product_cat?post=32898"},{"taxonomy":"product_tag","embeddable":true,"href":"https:\/\/www.jelenov-greben.si\/trgovina\/wp-json\/wp\/v2\/product_tag?post=32898"}],"curies":[{"name":"wp","href":"https:\/\/api.w.org\/{rel}","templated":true}]}}