{"id":33110,"date":"2024-01-19T12:29:13","date_gmt":"2024-01-19T11:29:13","guid":{"rendered":"https:\/\/www.jelenov-greben.si\/trgovina\/?post_type=product&#038;p=33110"},"modified":"2025-09-27T11:07:27","modified_gmt":"2025-09-27T10:07:27","slug":"bezgov-sirup","status":"publish","type":"product","link":"https:\/\/www.jelenov-greben.si\/trgovina\/izdelek\/bezgov-sirup\/","title":{"rendered":"BEZGOV SIRUP 1l"},"content":{"rendered":"<p>Lavanda \/ sivka \/ lavandin sirup \/ sivkin sirup \/ bezgov sirup \/ bezeg<\/p>\n","protected":false},"excerpt":{"rendered":"<p>Doma\u010d bezgov sirup, katerega lahko dodate v limonado, gin tonic, kak\u0161no tortico ali kar v \u010daj namesto sladkorja.<\/p>\n<p>Vsebina: 1l<\/p>\n<p>&nbsp;<\/p>\n<p>&nbsp;<\/p>\n","protected":false},"featured_media":34004,"template":"","meta":[],"product_brand":[],"product_cat":[233],"product_tag":[],"class_list":{"0":"post-33110","1":"product","2":"type-product","3":"status-publish","4":"has-post-thumbnail","6":"product_cat-sokovi","9":"first","10":"instock","11":"shipping-taxable","12":"purchasable","13":"product-type-simple"},"_links":{"self":[{"href":"https:\/\/www.jelenov-greben.si\/trgovina\/wp-json\/wp\/v2\/product\/33110","targetHints":{"allow":["GET"]}}],"collection":[{"href":"https:\/\/www.jelenov-greben.si\/trgovina\/wp-json\/wp\/v2\/product"}],"about":[{"href":"https:\/\/www.jelenov-greben.si\/trgovina\/wp-json\/wp\/v2\/types\/product"}],"wp:featuredmedia":[{"embeddable":true,"href":"https:\/\/www.jelenov-greben.si\/trgovina\/wp-json\/wp\/v2\/media\/34004"}],"wp:attachment":[{"href":"https:\/\/www.jelenov-greben.si\/trgovina\/wp-json\/wp\/v2\/media?parent=33110"}],"wp:term":[{"taxonomy":"product_brand","embeddable":true,"href":"https:\/\/www.jelenov-greben.si\/trgovina\/wp-json\/wp\/v2\/product_brand?post=33110"},{"taxonomy":"product_cat","embeddable":true,"href":"https:\/\/www.jelenov-greben.si\/trgovina\/wp-json\/wp\/v2\/product_cat?post=33110"},{"taxonomy":"product_tag","embeddable":true,"href":"https:\/\/www.jelenov-greben.si\/trgovina\/wp-json\/wp\/v2\/product_tag?post=33110"}],"curies":[{"name":"wp","href":"https:\/\/api.w.org\/{rel}","templated":true}]}}