{"id":33365,"date":"2024-07-11T09:39:00","date_gmt":"2024-07-11T08:39:00","guid":{"rendered":"https:\/\/www.jelenov-greben.si\/trgovina\/?post_type=product&#038;p=33365"},"modified":"2024-07-11T09:43:59","modified_gmt":"2024-07-11T08:43:59","slug":"lesena-ura-druzina","status":"publish","type":"product","link":"https:\/\/www.jelenov-greben.si\/trgovina\/izdelek\/lesena-ura-druzina\/","title":{"rendered":"LESENA URA DRU\u017dINA"},"content":{"rendered":"<p>lasersko graviranje, lesena ura, ura , stenska ura, gravirana ura, dru\u017eina, darilo za dru\u017eino, darilo za o\u010deta, darilo za mamo, darilo<\/p>\n","protected":false},"excerpt":{"rendered":"<p>Lesena ura s \u010drno belo silhueto dru\u017eine<\/p>\n<p>pod besedilo vnesite koliko dru\u017einskih \u010dlanov bi \u017eeleli, in \u017eeljeno gravuro.<\/p>\n<p>dimenzija ure; 30cm<\/p>\n","protected":false},"featured_media":33366,"template":"","meta":[],"product_brand":[],"product_cat":[238],"product_tag":[],"class_list":{"0":"post-33365","1":"product","2":"type-product","3":"status-publish","4":"has-post-thumbnail","6":"product_cat-lasersko-graviranje","8":"wcpa_has_options","10":"first","11":"instock","12":"shipping-taxable","13":"purchasable","14":"product-type-simple"},"_links":{"self":[{"href":"https:\/\/www.jelenov-greben.si\/trgovina\/wp-json\/wp\/v2\/product\/33365","targetHints":{"allow":["GET"]}}],"collection":[{"href":"https:\/\/www.jelenov-greben.si\/trgovina\/wp-json\/wp\/v2\/product"}],"about":[{"href":"https:\/\/www.jelenov-greben.si\/trgovina\/wp-json\/wp\/v2\/types\/product"}],"wp:featuredmedia":[{"embeddable":true,"href":"https:\/\/www.jelenov-greben.si\/trgovina\/wp-json\/wp\/v2\/media\/33366"}],"wp:attachment":[{"href":"https:\/\/www.jelenov-greben.si\/trgovina\/wp-json\/wp\/v2\/media?parent=33365"}],"wp:term":[{"taxonomy":"product_brand","embeddable":true,"href":"https:\/\/www.jelenov-greben.si\/trgovina\/wp-json\/wp\/v2\/product_brand?post=33365"},{"taxonomy":"product_cat","embeddable":true,"href":"https:\/\/www.jelenov-greben.si\/trgovina\/wp-json\/wp\/v2\/product_cat?post=33365"},{"taxonomy":"product_tag","embeddable":true,"href":"https:\/\/www.jelenov-greben.si\/trgovina\/wp-json\/wp\/v2\/product_tag?post=33365"}],"curies":[{"name":"wp","href":"https:\/\/api.w.org\/{rel}","templated":true}]}}