{"id":34045,"date":"2025-09-27T13:10:35","date_gmt":"2025-09-27T12:10:35","guid":{"rendered":"https:\/\/www.jelenov-greben.si\/trgovina\/?post_type=product&#038;p=34045"},"modified":"2025-09-27T13:10:55","modified_gmt":"2025-09-27T12:10:55","slug":"sampinjoni-v-kisu-650g","status":"publish","type":"product","link":"https:\/\/www.jelenov-greben.si\/trgovina\/izdelek\/sampinjoni-v-kisu-650g\/","title":{"rendered":"\u0160AMPINJONI V KISU 650g"},"content":{"rendered":"<p>\u0160ampinjoni v kisu | vlo\u017eeni \u0161ampinjoni<\/p>\n","protected":false},"excerpt":{"rendered":"<p>Vlo\u017eeni \u0161ampinjoni v kisu 650g<\/p>\n","protected":false},"featured_media":34044,"template":"","meta":[],"product_brand":[],"product_cat":[266],"product_tag":[],"class_list":{"0":"post-34045","1":"product","2":"type-product","3":"status-publish","4":"has-post-thumbnail","6":"product_cat-gobice-sampinjoni-jurcki","9":"first","10":"instock","11":"shipping-taxable","12":"purchasable","13":"product-type-simple"},"_links":{"self":[{"href":"https:\/\/www.jelenov-greben.si\/trgovina\/wp-json\/wp\/v2\/product\/34045","targetHints":{"allow":["GET"]}}],"collection":[{"href":"https:\/\/www.jelenov-greben.si\/trgovina\/wp-json\/wp\/v2\/product"}],"about":[{"href":"https:\/\/www.jelenov-greben.si\/trgovina\/wp-json\/wp\/v2\/types\/product"}],"wp:featuredmedia":[{"embeddable":true,"href":"https:\/\/www.jelenov-greben.si\/trgovina\/wp-json\/wp\/v2\/media\/34044"}],"wp:attachment":[{"href":"https:\/\/www.jelenov-greben.si\/trgovina\/wp-json\/wp\/v2\/media?parent=34045"}],"wp:term":[{"taxonomy":"product_brand","embeddable":true,"href":"https:\/\/www.jelenov-greben.si\/trgovina\/wp-json\/wp\/v2\/product_brand?post=34045"},{"taxonomy":"product_cat","embeddable":true,"href":"https:\/\/www.jelenov-greben.si\/trgovina\/wp-json\/wp\/v2\/product_cat?post=34045"},{"taxonomy":"product_tag","embeddable":true,"href":"https:\/\/www.jelenov-greben.si\/trgovina\/wp-json\/wp\/v2\/product_tag?post=34045"}],"curies":[{"name":"wp","href":"https:\/\/api.w.org\/{rel}","templated":true}]}}