{"id":34097,"date":"2025-10-25T22:40:48","date_gmt":"2025-10-25T21:40:48","guid":{"rendered":"https:\/\/www.jelenov-greben.si\/trgovina\/?post_type=product&#038;p=34097"},"modified":"2025-10-25T22:40:48","modified_gmt":"2025-10-25T21:40:48","slug":"paket-zimske-radosti","status":"publish","type":"product","link":"https:\/\/www.jelenov-greben.si\/trgovina\/izdelek\/paket-zimske-radosti\/","title":{"rendered":"PAKET &#8221;ZIMSKE RADOSTI&#8221;"},"content":{"rendered":"<p>d<strong>arilo za dedka\/ darilo za mamo\/ darilo za babico\/ darilo za o\u010deta \/ poslovna darila \/ darilo za rojstni dan \/ darilo za posebne prilo\u017enosti \/ darilo za poroko \/ poro\u010dno darilo \/ darilo \/ darilo za star\u0161e \/ darilo za poslovne partnerje \/ darilo za zlato poroko \/ darilo za abrahama \/ embala\u017ea \/ darilna \u0161katla \/ darilne \u0161katle \/<\/strong><\/p>\n","protected":false},"excerpt":{"rendered":"<p>Paket vklju\u010duje:<\/p>\n<ul>\n<li>gozdni \u010daj<\/li>\n<li>doma\u010di pi\u0161kotek z jagodno marmelado<\/li>\n<li>jagodna marmelada z leseni \u017eli\u010dko v elegantni rjavi embala\u017ei<\/li>\n<li>pakirano v premium \u0161katli<\/li>\n<\/ul>\n","protected":false},"featured_media":34100,"template":"","meta":[],"product_brand":[],"product_cat":[236],"product_tag":[],"class_list":{"0":"post-34097","1":"product","2":"type-product","3":"status-publish","4":"has-post-thumbnail","6":"product_cat-sestavljeni-paketi","9":"first","10":"instock","11":"shipping-taxable","12":"purchasable","13":"product-type-simple"},"_links":{"self":[{"href":"https:\/\/www.jelenov-greben.si\/trgovina\/wp-json\/wp\/v2\/product\/34097","targetHints":{"allow":["GET"]}}],"collection":[{"href":"https:\/\/www.jelenov-greben.si\/trgovina\/wp-json\/wp\/v2\/product"}],"about":[{"href":"https:\/\/www.jelenov-greben.si\/trgovina\/wp-json\/wp\/v2\/types\/product"}],"wp:featuredmedia":[{"embeddable":true,"href":"https:\/\/www.jelenov-greben.si\/trgovina\/wp-json\/wp\/v2\/media\/34100"}],"wp:attachment":[{"href":"https:\/\/www.jelenov-greben.si\/trgovina\/wp-json\/wp\/v2\/media?parent=34097"}],"wp:term":[{"taxonomy":"product_brand","embeddable":true,"href":"https:\/\/www.jelenov-greben.si\/trgovina\/wp-json\/wp\/v2\/product_brand?post=34097"},{"taxonomy":"product_cat","embeddable":true,"href":"https:\/\/www.jelenov-greben.si\/trgovina\/wp-json\/wp\/v2\/product_cat?post=34097"},{"taxonomy":"product_tag","embeddable":true,"href":"https:\/\/www.jelenov-greben.si\/trgovina\/wp-json\/wp\/v2\/product_tag?post=34097"}],"curies":[{"name":"wp","href":"https:\/\/api.w.org\/{rel}","templated":true}]}}