{"id":34142,"date":"2025-11-17T13:09:36","date_gmt":"2025-11-17T12:09:36","guid":{"rendered":"https:\/\/www.jelenov-greben.si\/trgovina\/?post_type=product&#038;p=34142"},"modified":"2026-03-05T14:19:40","modified_gmt":"2026-03-05T13:19:40","slug":"paket-gurman","status":"publish","type":"product","link":"https:\/\/www.jelenov-greben.si\/trgovina\/izdelek\/paket-gurman\/","title":{"rendered":"PAKET &#8221;GURMAN&#8221;"},"content":{"rendered":"<p>darilo za dedka\/ darilo za mamo\/ darilo za babico\/ darilo za o\u010deta \/ poslovna darila \/ darilo za rojstni dan \/ darilo za posebne prilo\u017enosti \/ darilo za poroko \/ poro\u010dno darilo \/ darilo \/ darilo za star\u0161e \/ darilo za poslovne partnerje \/ darilo za zlato poroko \/ darilo za abrahama \/ embala\u017ea \/ darilna \u0161katla \/ darilne \u0161katle \/<\/p>\n","protected":false},"excerpt":{"rendered":"<p>Paket vsebuje:<\/p>\n<ul>\n<li>zeli\u0161\u010dna sol z leseno \u017eli\u010dko<\/li>\n<li>\u00a0jelenja budjola cca. 450g<\/li>\n<li>jabol\u010dni kis z zeli\u0161\u010di 250ml<\/li>\n<li>v premium embala\u017ei<\/li>\n<\/ul>\n","protected":false},"featured_media":34141,"template":"","meta":[],"product_brand":[],"product_cat":[236],"product_tag":[],"class_list":{"0":"post-34142","1":"product","2":"type-product","3":"status-publish","4":"has-post-thumbnail","6":"product_cat-sestavljeni-paketi","9":"first","10":"instock","11":"shipping-taxable","12":"purchasable","13":"product-type-simple"},"_links":{"self":[{"href":"https:\/\/www.jelenov-greben.si\/trgovina\/wp-json\/wp\/v2\/product\/34142","targetHints":{"allow":["GET"]}}],"collection":[{"href":"https:\/\/www.jelenov-greben.si\/trgovina\/wp-json\/wp\/v2\/product"}],"about":[{"href":"https:\/\/www.jelenov-greben.si\/trgovina\/wp-json\/wp\/v2\/types\/product"}],"wp:featuredmedia":[{"embeddable":true,"href":"https:\/\/www.jelenov-greben.si\/trgovina\/wp-json\/wp\/v2\/media\/34141"}],"wp:attachment":[{"href":"https:\/\/www.jelenov-greben.si\/trgovina\/wp-json\/wp\/v2\/media?parent=34142"}],"wp:term":[{"taxonomy":"product_brand","embeddable":true,"href":"https:\/\/www.jelenov-greben.si\/trgovina\/wp-json\/wp\/v2\/product_brand?post=34142"},{"taxonomy":"product_cat","embeddable":true,"href":"https:\/\/www.jelenov-greben.si\/trgovina\/wp-json\/wp\/v2\/product_cat?post=34142"},{"taxonomy":"product_tag","embeddable":true,"href":"https:\/\/www.jelenov-greben.si\/trgovina\/wp-json\/wp\/v2\/product_tag?post=34142"}],"curies":[{"name":"wp","href":"https:\/\/api.w.org\/{rel}","templated":true}]}}