{"id":35268,"date":"2026-03-31T11:55:43","date_gmt":"2026-03-31T10:55:43","guid":{"rendered":"https:\/\/www.jelenov-greben.si\/trgovina\/?post_type=product&#038;p=35268"},"modified":"2026-03-31T11:55:43","modified_gmt":"2026-03-31T10:55:43","slug":"paket-deska-srece","status":"publish","type":"product","link":"https:\/\/www.jelenov-greben.si\/trgovina\/izdelek\/paket-deska-srece\/","title":{"rendered":"PAKET &#8221;DESKA SRE\u010cE&#8221;"},"content":{"rendered":"<p>DARILO ZA U\u010cITELJICO | DARILO ZA VZGOJITELJICO | DARILO OB KONCU \u0160OLE | DARILO ZA VRTEC<\/p>\n","protected":false},"excerpt":{"rendered":"<p>Ljubko prakti\u010dno darilo za ob koncu \u0161olskega leta za vzgojitelje in u\u010ditelje.<\/p>\n<p>Deska sre\u010de z graviranim verzom zahvale<\/p>\n<ul>\n<li>Lesena kuhla z izrezanim sr\u010dkom in verzom<\/li>\n<li>groba sol v epruveti<\/li>\n<li>\u010drni poper v epruveti<\/li>\n<li>zapakirano v eleganca M embala\u017eo<\/li>\n<\/ul>\n","protected":false},"featured_media":35269,"template":"","meta":[],"product_brand":[],"product_cat":[236,238],"product_tag":[],"class_list":{"0":"post-35268","1":"product","2":"type-product","3":"status-publish","4":"has-post-thumbnail","6":"product_cat-sestavljeni-paketi","7":"product_cat-lasersko-graviranje","10":"first","11":"instock","12":"shipping-taxable","13":"purchasable","14":"product-type-simple"},"_links":{"self":[{"href":"https:\/\/www.jelenov-greben.si\/trgovina\/wp-json\/wp\/v2\/product\/35268","targetHints":{"allow":["GET"]}}],"collection":[{"href":"https:\/\/www.jelenov-greben.si\/trgovina\/wp-json\/wp\/v2\/product"}],"about":[{"href":"https:\/\/www.jelenov-greben.si\/trgovina\/wp-json\/wp\/v2\/types\/product"}],"wp:featuredmedia":[{"embeddable":true,"href":"https:\/\/www.jelenov-greben.si\/trgovina\/wp-json\/wp\/v2\/media\/35269"}],"wp:attachment":[{"href":"https:\/\/www.jelenov-greben.si\/trgovina\/wp-json\/wp\/v2\/media?parent=35268"}],"wp:term":[{"taxonomy":"product_brand","embeddable":true,"href":"https:\/\/www.jelenov-greben.si\/trgovina\/wp-json\/wp\/v2\/product_brand?post=35268"},{"taxonomy":"product_cat","embeddable":true,"href":"https:\/\/www.jelenov-greben.si\/trgovina\/wp-json\/wp\/v2\/product_cat?post=35268"},{"taxonomy":"product_tag","embeddable":true,"href":"https:\/\/www.jelenov-greben.si\/trgovina\/wp-json\/wp\/v2\/product_tag?post=35268"}],"curies":[{"name":"wp","href":"https:\/\/api.w.org\/{rel}","templated":true}]}}