{"id":35445,"date":"2026-04-21T12:56:13","date_gmt":"2026-04-21T11:56:13","guid":{"rendered":"https:\/\/www.jelenov-greben.si\/trgovina\/?post_type=product&#038;p=35445"},"modified":"2026-04-21T12:56:58","modified_gmt":"2026-04-21T11:56:58","slug":"domaci-grozdni-sok-1","status":"publish","type":"product","link":"https:\/\/www.jelenov-greben.si\/trgovina\/izdelek\/domaci-grozdni-sok-1\/","title":{"rendered":"DOMA\u010cI GROZDNI SOK 1"},"content":{"rendered":"<p>doma\u010di sok | sokovi | doma\u010di grozdni sok | grozdni sok | sok iz grozdja | jelenov greben<\/p>\n","protected":false},"excerpt":{"rendered":"<p>Doma\u010di grozdni sok iz sorte \u0161entlovrenka,<\/p>\n<p>sestavine: grozdje (sadni dele\u017e min. 60%), voda, sladkor, askorbinska kislina<\/p>\n<p>Koli\u010dina:\u00a0 1 liter<\/p>\n<p>HRANILNA TABELA:\u00a0 \u00a0 100g \u017eivila<\/p>\n<ul>\n<li>Energijska vrednost:\u00a0 \u00a085kcal<\/li>\n<li>Beljakovine:\u00a0 0,8g<\/li>\n<li>Ogljikovi hidrati 16g\u00a0 od tega sladkorji 15g<\/li>\n<li>Ma\u0161\u010dobe: 0,3g<\/li>\n<\/ul>\n","protected":false},"featured_media":35447,"template":"","meta":[],"product_brand":[],"product_cat":[233],"product_tag":[],"class_list":{"0":"post-35445","1":"product","2":"type-product","3":"status-publish","4":"has-post-thumbnail","6":"product_cat-sokovi","9":"first","10":"instock","11":"shipping-taxable","12":"purchasable","13":"product-type-simple"},"_links":{"self":[{"href":"https:\/\/www.jelenov-greben.si\/trgovina\/wp-json\/wp\/v2\/product\/35445","targetHints":{"allow":["GET"]}}],"collection":[{"href":"https:\/\/www.jelenov-greben.si\/trgovina\/wp-json\/wp\/v2\/product"}],"about":[{"href":"https:\/\/www.jelenov-greben.si\/trgovina\/wp-json\/wp\/v2\/types\/product"}],"wp:featuredmedia":[{"embeddable":true,"href":"https:\/\/www.jelenov-greben.si\/trgovina\/wp-json\/wp\/v2\/media\/35447"}],"wp:attachment":[{"href":"https:\/\/www.jelenov-greben.si\/trgovina\/wp-json\/wp\/v2\/media?parent=35445"}],"wp:term":[{"taxonomy":"product_brand","embeddable":true,"href":"https:\/\/www.jelenov-greben.si\/trgovina\/wp-json\/wp\/v2\/product_brand?post=35445"},{"taxonomy":"product_cat","embeddable":true,"href":"https:\/\/www.jelenov-greben.si\/trgovina\/wp-json\/wp\/v2\/product_cat?post=35445"},{"taxonomy":"product_tag","embeddable":true,"href":"https:\/\/www.jelenov-greben.si\/trgovina\/wp-json\/wp\/v2\/product_tag?post=35445"}],"curies":[{"name":"wp","href":"https:\/\/api.w.org\/{rel}","templated":true}]}}