{"id":35448,"date":"2026-04-21T13:00:47","date_gmt":"2026-04-21T12:00:47","guid":{"rendered":"https:\/\/www.jelenov-greben.si\/trgovina\/?post_type=product&#038;p=35448"},"modified":"2026-04-21T13:00:47","modified_gmt":"2026-04-21T12:00:47","slug":"domaci-jabolcni-sok-1l","status":"publish","type":"product","link":"https:\/\/www.jelenov-greben.si\/trgovina\/izdelek\/domaci-jabolcni-sok-1l\/","title":{"rendered":"DOMA\u010cI JABOL\u010cNI SOK 1L"},"content":{"rendered":"<p>doma\u010di jabol\u010dni sok | doma\u010di sok | jabol\u010dni sok | doma\u010di sokovi | jelenov greben<\/p>\n","protected":false},"excerpt":{"rendered":"<p>Doma\u010di jabol\u010dni sok<\/p>\n<p>sestavine: jabolka (sadni dele\u017e: 60%), citronska kislina<\/p>\n<p>(Pasteriziran.)<\/p>\n<p>HRANILNA TABELA:\u00a0 \u00a0 100g \u017eivila<\/p>\n<ul>\n<li>Energijska vrednost:\u00a0 \u00a060kcal<\/li>\n<li>Beljakovine:\u00a0 0,1g<\/li>\n<li>Ogljikovi hidrati 9,4g\u00a0 od tega sladkorji 0,1g<\/li>\n<li>Ma\u0161\u010dobe: 0,1g<\/li>\n<\/ul>\n<p>vsebina: 1L<\/p>\n","protected":false},"featured_media":35446,"template":"","meta":[],"product_brand":[],"product_cat":[233],"product_tag":[],"class_list":{"0":"post-35448","1":"product","2":"type-product","3":"status-publish","4":"has-post-thumbnail","6":"product_cat-sokovi","9":"first","10":"instock","11":"shipping-taxable","12":"purchasable","13":"product-type-simple"},"_links":{"self":[{"href":"https:\/\/www.jelenov-greben.si\/trgovina\/wp-json\/wp\/v2\/product\/35448","targetHints":{"allow":["GET"]}}],"collection":[{"href":"https:\/\/www.jelenov-greben.si\/trgovina\/wp-json\/wp\/v2\/product"}],"about":[{"href":"https:\/\/www.jelenov-greben.si\/trgovina\/wp-json\/wp\/v2\/types\/product"}],"wp:featuredmedia":[{"embeddable":true,"href":"https:\/\/www.jelenov-greben.si\/trgovina\/wp-json\/wp\/v2\/media\/35446"}],"wp:attachment":[{"href":"https:\/\/www.jelenov-greben.si\/trgovina\/wp-json\/wp\/v2\/media?parent=35448"}],"wp:term":[{"taxonomy":"product_brand","embeddable":true,"href":"https:\/\/www.jelenov-greben.si\/trgovina\/wp-json\/wp\/v2\/product_brand?post=35448"},{"taxonomy":"product_cat","embeddable":true,"href":"https:\/\/www.jelenov-greben.si\/trgovina\/wp-json\/wp\/v2\/product_cat?post=35448"},{"taxonomy":"product_tag","embeddable":true,"href":"https:\/\/www.jelenov-greben.si\/trgovina\/wp-json\/wp\/v2\/product_tag?post=35448"}],"curies":[{"name":"wp","href":"https:\/\/api.w.org\/{rel}","templated":true}]}}