{"id":35449,"date":"2026-04-21T13:10:26","date_gmt":"2026-04-21T12:10:26","guid":{"rendered":"https:\/\/www.jelenov-greben.si\/trgovina\/?post_type=product&#038;p=35449"},"modified":"2026-04-21T13:10:50","modified_gmt":"2026-04-21T12:10:50","slug":"100-domaca-bucna-semena","status":"publish","type":"product","link":"https:\/\/www.jelenov-greben.si\/trgovina\/izdelek\/100-domaca-bucna-semena\/","title":{"rendered":"100% DOMA\u010cA BU\u010cNA SEMENA"},"content":{"rendered":"<p>Bu\u010dna semena | bu\u010dnice | doma\u010de bu\u010dnice<\/p>\n","protected":false},"excerpt":{"rendered":"<p>100% bu\u010dna semena neobdelana in ne soljena.<\/p>\n<p>vsebina: 150g<\/p>\n<ul>\n<li>\n<p data-path-to-node=\"1,0,0\"><b data-path-to-node=\"1,0,0\" data-index-in-node=\"0\">Bu\u010dna semena so naravno hranljiva izbira, ki s svojo bogato sestavo mineralov celostno podpira ravnovesje va\u0161ega organizma.<\/b><\/p>\n<\/li>\n<li>\n<p data-path-to-node=\"1,1,0\"><b data-path-to-node=\"1,1,0\" data-index-in-node=\"0\">zaradi vsebnosti kakovostnih rastlinskih beljakovin in zdravih ma\u0161\u010dob so idealen vir vitalnosti in naravne mo\u010di za vsak dan.<\/b><\/p>\n<\/li>\n<\/ul>\n","protected":false},"featured_media":35450,"template":"","meta":[],"product_brand":[],"product_cat":[229],"product_tag":[],"class_list":{"0":"post-35449","1":"product","2":"type-product","3":"status-publish","4":"has-post-thumbnail","6":"product_cat-suho-sadje-ali-oreski","9":"first","10":"instock","11":"shipping-taxable","12":"purchasable","13":"product-type-simple"},"_links":{"self":[{"href":"https:\/\/www.jelenov-greben.si\/trgovina\/wp-json\/wp\/v2\/product\/35449","targetHints":{"allow":["GET"]}}],"collection":[{"href":"https:\/\/www.jelenov-greben.si\/trgovina\/wp-json\/wp\/v2\/product"}],"about":[{"href":"https:\/\/www.jelenov-greben.si\/trgovina\/wp-json\/wp\/v2\/types\/product"}],"wp:featuredmedia":[{"embeddable":true,"href":"https:\/\/www.jelenov-greben.si\/trgovina\/wp-json\/wp\/v2\/media\/35450"}],"wp:attachment":[{"href":"https:\/\/www.jelenov-greben.si\/trgovina\/wp-json\/wp\/v2\/media?parent=35449"}],"wp:term":[{"taxonomy":"product_brand","embeddable":true,"href":"https:\/\/www.jelenov-greben.si\/trgovina\/wp-json\/wp\/v2\/product_brand?post=35449"},{"taxonomy":"product_cat","embeddable":true,"href":"https:\/\/www.jelenov-greben.si\/trgovina\/wp-json\/wp\/v2\/product_cat?post=35449"},{"taxonomy":"product_tag","embeddable":true,"href":"https:\/\/www.jelenov-greben.si\/trgovina\/wp-json\/wp\/v2\/product_tag?post=35449"}],"curies":[{"name":"wp","href":"https:\/\/api.w.org\/{rel}","templated":true}]}}