{"id":35460,"date":"2026-04-21T13:45:58","date_gmt":"2026-04-21T12:45:58","guid":{"rendered":"https:\/\/www.jelenov-greben.si\/trgovina\/?post_type=product&#038;p=35460"},"modified":"2026-04-21T13:47:29","modified_gmt":"2026-04-21T12:47:29","slug":"zeliscna-sol","status":"publish","type":"product","link":"https:\/\/www.jelenov-greben.si\/trgovina\/izdelek\/zeliscna-sol\/","title":{"rendered":"ZELI\u0160\u010cNA SOL"},"content":{"rendered":"","protected":false},"excerpt":{"rendered":"<p>Jodirana sol 95%, ro\u017emarin, timijan, lovor, \u010desen v prahu, rde\u010di poper.<\/p>\n","protected":false},"featured_media":35461,"template":"","meta":[],"product_brand":[],"product_cat":[266,229],"product_tag":[],"class_list":{"0":"post-35460","1":"product","2":"type-product","3":"status-publish","4":"has-post-thumbnail","6":"product_cat-gobice-sampinjoni-jurcki","7":"product_cat-suho-sadje-ali-oreski","10":"first","11":"instock","12":"shipping-taxable","13":"purchasable","14":"product-type-simple"},"_links":{"self":[{"href":"https:\/\/www.jelenov-greben.si\/trgovina\/wp-json\/wp\/v2\/product\/35460","targetHints":{"allow":["GET"]}}],"collection":[{"href":"https:\/\/www.jelenov-greben.si\/trgovina\/wp-json\/wp\/v2\/product"}],"about":[{"href":"https:\/\/www.jelenov-greben.si\/trgovina\/wp-json\/wp\/v2\/types\/product"}],"wp:featuredmedia":[{"embeddable":true,"href":"https:\/\/www.jelenov-greben.si\/trgovina\/wp-json\/wp\/v2\/media\/35461"}],"wp:attachment":[{"href":"https:\/\/www.jelenov-greben.si\/trgovina\/wp-json\/wp\/v2\/media?parent=35460"}],"wp:term":[{"taxonomy":"product_brand","embeddable":true,"href":"https:\/\/www.jelenov-greben.si\/trgovina\/wp-json\/wp\/v2\/product_brand?post=35460"},{"taxonomy":"product_cat","embeddable":true,"href":"https:\/\/www.jelenov-greben.si\/trgovina\/wp-json\/wp\/v2\/product_cat?post=35460"},{"taxonomy":"product_tag","embeddable":true,"href":"https:\/\/www.jelenov-greben.si\/trgovina\/wp-json\/wp\/v2\/product_tag?post=35460"}],"curies":[{"name":"wp","href":"https:\/\/api.w.org\/{rel}","templated":true}]}}