{"id":35463,"date":"2026-04-21T13:56:15","date_gmt":"2026-04-21T12:56:15","guid":{"rendered":"https:\/\/www.jelenov-greben.si\/trgovina\/?post_type=product&#038;p=35463"},"modified":"2026-04-21T13:59:55","modified_gmt":"2026-04-21T12:59:55","slug":"100-olje-grozdnih-peck","status":"publish","type":"product","link":"https:\/\/www.jelenov-greben.si\/trgovina\/izdelek\/100-olje-grozdnih-peck\/","title":{"rendered":"100% OLJE GROZDNIH PE\u010cK"},"content":{"rendered":"<p>OLJE GROZDNIH PE\u010cK | 100% olje iz grozdja | grape seed oil | hladnostiskano olje | olje za ko\u017eo | olje za lase |<\/p>\n","protected":false},"excerpt":{"rendered":"<p>100% Olje iz grozdnih pe\u010dk modre frankinje,<\/p>\n<p>Naravno hladno stiskano olje iz grozdnih pe\u010dk je cenjeno zaradi svoje lahke teksture in vsestranske uporabe v prehrani in negi ko\u017ee.<\/p>\n<ul>\n<li>vsebuje naravno prisotne antioksidante<\/li>\n<li>vir esencialnih ma\u0161\u010dobnih kislin (npr. linolna kislina)<\/li>\n<li>blagega okusa, primerno za razli\u010dne kulinari\u010dne namene<\/li>\n<\/ul>\n<p>Uporaba v kozmetiki:<\/p>\n<ul>\n<li>pomaga ohranjati ob\u010dutek navla\u017eene in mehke ko\u017ee<\/li>\n<li>prispeva k negovanemu videzu ko\u017ee<\/li>\n<li>primerno za masa\u017eo in vsakodnevno nego<\/li>\n<li>lahko se uporablja za nego las in lasi\u0161\u010da<\/li>\n<li>primerno za nego nohtov in obnohtne ko\u017eice<\/li>\n<\/ul>\n<p>&nbsp;<\/p>\n<p>Opomba: Izdelek je namenjen uporabi kot \u017eivilo ali kozmeti\u010dni izdelek. Navedbe ne predstavljajo zdravstvenih trditev in niso namenjene prepre\u010devanju ali zdravljenju bolezni.<\/p>\n","protected":false},"featured_media":35464,"template":"","meta":[],"product_brand":[],"product_cat":[189],"product_tag":[],"class_list":{"0":"post-35463","1":"product","2":"type-product","3":"status-publish","4":"has-post-thumbnail","6":"product_cat-kis-in-bucno-olje","9":"first","10":"instock","11":"shipping-taxable","12":"purchasable","13":"product-type-simple"},"_links":{"self":[{"href":"https:\/\/www.jelenov-greben.si\/trgovina\/wp-json\/wp\/v2\/product\/35463","targetHints":{"allow":["GET"]}}],"collection":[{"href":"https:\/\/www.jelenov-greben.si\/trgovina\/wp-json\/wp\/v2\/product"}],"about":[{"href":"https:\/\/www.jelenov-greben.si\/trgovina\/wp-json\/wp\/v2\/types\/product"}],"wp:featuredmedia":[{"embeddable":true,"href":"https:\/\/www.jelenov-greben.si\/trgovina\/wp-json\/wp\/v2\/media\/35464"}],"wp:attachment":[{"href":"https:\/\/www.jelenov-greben.si\/trgovina\/wp-json\/wp\/v2\/media?parent=35463"}],"wp:term":[{"taxonomy":"product_brand","embeddable":true,"href":"https:\/\/www.jelenov-greben.si\/trgovina\/wp-json\/wp\/v2\/product_brand?post=35463"},{"taxonomy":"product_cat","embeddable":true,"href":"https:\/\/www.jelenov-greben.si\/trgovina\/wp-json\/wp\/v2\/product_cat?post=35463"},{"taxonomy":"product_tag","embeddable":true,"href":"https:\/\/www.jelenov-greben.si\/trgovina\/wp-json\/wp\/v2\/product_tag?post=35463"}],"curies":[{"name":"wp","href":"https:\/\/api.w.org\/{rel}","templated":true}]}}