{"id":35498,"date":"2026-04-28T12:27:50","date_gmt":"2026-04-28T11:27:50","guid":{"rendered":"https:\/\/www.jelenov-greben.si\/trgovina\/?post_type=product&#038;p=35498"},"modified":"2026-04-28T13:54:26","modified_gmt":"2026-04-28T12:54:26","slug":"caj-epruveta","status":"publish","type":"product","link":"https:\/\/www.jelenov-greben.si\/trgovina\/izdelek\/caj-epruveta\/","title":{"rendered":"\u010cAJ epruveta"},"content":{"rendered":"<p>poro\u010dna darila | darila za svate | darila za goste | poroka | wedding | wedding gifts | gift | jelenov greben poro\u010dna darila |<\/p>\n","protected":false},"excerpt":{"rendered":"<p>\u010cajna me\u0161anica ujeta v epruveto z lesenim emblemom z vajinima imenoma in datumom poroke.<\/p>\n<p>Izbirata lahko med zeli\u0161\u010dno me\u0161anico \u010daja ali gozdnimi sade\u017ei<\/p>\n","protected":false},"featured_media":35501,"template":"","meta":[],"product_brand":[],"product_cat":[269],"product_tag":[],"class_list":{"0":"post-35498","1":"product","2":"type-product","3":"status-publish","4":"has-post-thumbnail","6":"product_cat-poroka","8":"wcpa_has_options","10":"first","11":"instock","12":"shipping-taxable","13":"purchasable","14":"product-type-variable"},"_links":{"self":[{"href":"https:\/\/www.jelenov-greben.si\/trgovina\/wp-json\/wp\/v2\/product\/35498","targetHints":{"allow":["GET"]}}],"collection":[{"href":"https:\/\/www.jelenov-greben.si\/trgovina\/wp-json\/wp\/v2\/product"}],"about":[{"href":"https:\/\/www.jelenov-greben.si\/trgovina\/wp-json\/wp\/v2\/types\/product"}],"wp:featuredmedia":[{"embeddable":true,"href":"https:\/\/www.jelenov-greben.si\/trgovina\/wp-json\/wp\/v2\/media\/35501"}],"wp:attachment":[{"href":"https:\/\/www.jelenov-greben.si\/trgovina\/wp-json\/wp\/v2\/media?parent=35498"}],"wp:term":[{"taxonomy":"product_brand","embeddable":true,"href":"https:\/\/www.jelenov-greben.si\/trgovina\/wp-json\/wp\/v2\/product_brand?post=35498"},{"taxonomy":"product_cat","embeddable":true,"href":"https:\/\/www.jelenov-greben.si\/trgovina\/wp-json\/wp\/v2\/product_cat?post=35498"},{"taxonomy":"product_tag","embeddable":true,"href":"https:\/\/www.jelenov-greben.si\/trgovina\/wp-json\/wp\/v2\/product_tag?post=35498"}],"curies":[{"name":"wp","href":"https:\/\/api.w.org\/{rel}","templated":true}]}}