{"id":35505,"date":"2026-04-29T07:20:34","date_gmt":"2026-04-29T06:20:34","guid":{"rendered":"https:\/\/www.jelenov-greben.si\/trgovina\/?post_type=product&#038;p=35505"},"modified":"2026-04-29T07:20:34","modified_gmt":"2026-04-29T06:20:34","slug":"piskotki-srce","status":"publish","type":"product","link":"https:\/\/www.jelenov-greben.si\/trgovina\/izdelek\/piskotki-srce\/","title":{"rendered":"PI\u0160KOTKI &#8211; SRCE"},"content":{"rendered":"<p>poro\u010dna darila | darila za svate | darila za goste | poroka | wedding | wedding gifts | gift | jelenov greben poro\u010dna darila |<\/p>\n","protected":false},"excerpt":{"rendered":"<p>doma\u010di ro\u010dno narejeni pi\u0161koti v obliki srca z jagodno marmelado, zapakirani v celofan z li\u010dno pentljo in leseno gravuro ljubezen je sladka.<\/p>\n<p>Pod besedilo napi\u0161ita vajina imena ali za\u010detnico imen.<\/p>\n<p>&nbsp;<\/p>\n","protected":false},"featured_media":35507,"template":"","meta":[],"product_brand":[],"product_cat":[269],"product_tag":[],"class_list":{"0":"post-35505","1":"product","2":"type-product","3":"status-publish","4":"has-post-thumbnail","6":"product_cat-poroka","8":"wcpa_has_options","10":"first","11":"instock","12":"shipping-taxable","13":"purchasable","14":"product-type-simple"},"_links":{"self":[{"href":"https:\/\/www.jelenov-greben.si\/trgovina\/wp-json\/wp\/v2\/product\/35505","targetHints":{"allow":["GET"]}}],"collection":[{"href":"https:\/\/www.jelenov-greben.si\/trgovina\/wp-json\/wp\/v2\/product"}],"about":[{"href":"https:\/\/www.jelenov-greben.si\/trgovina\/wp-json\/wp\/v2\/types\/product"}],"wp:featuredmedia":[{"embeddable":true,"href":"https:\/\/www.jelenov-greben.si\/trgovina\/wp-json\/wp\/v2\/media\/35507"}],"wp:attachment":[{"href":"https:\/\/www.jelenov-greben.si\/trgovina\/wp-json\/wp\/v2\/media?parent=35505"}],"wp:term":[{"taxonomy":"product_brand","embeddable":true,"href":"https:\/\/www.jelenov-greben.si\/trgovina\/wp-json\/wp\/v2\/product_brand?post=35505"},{"taxonomy":"product_cat","embeddable":true,"href":"https:\/\/www.jelenov-greben.si\/trgovina\/wp-json\/wp\/v2\/product_cat?post=35505"},{"taxonomy":"product_tag","embeddable":true,"href":"https:\/\/www.jelenov-greben.si\/trgovina\/wp-json\/wp\/v2\/product_tag?post=35505"}],"curies":[{"name":"wp","href":"https:\/\/api.w.org\/{rel}","templated":true}]}}