{"id":35517,"date":"2026-04-29T12:30:25","date_gmt":"2026-04-29T11:30:25","guid":{"rendered":"https:\/\/www.jelenov-greben.si\/trgovina\/?post_type=product&#038;p=35517"},"modified":"2026-04-29T12:50:22","modified_gmt":"2026-04-29T11:50:22","slug":"35517","status":"publish","type":"product","link":"https:\/\/www.jelenov-greben.si\/trgovina\/izdelek\/35517\/","title":{"rendered":"VRO\u010cA LJUBEZEN &#8211; \u010cAJ"},"content":{"rendered":"<p>poro\u010dna darila | darila za svate | darila za goste | poroka | wedding | wedding gifts | gift | jelenov greben poro\u010dna darila |<\/p>\n","protected":false},"excerpt":{"rendered":"<p>Doma\u010di \u010daj zaviti v celofan z personalizirano gravuro.<\/p>\n<p>izberite kateri okus \u017eelite in pod besedilo napi\u0161ita \u017eeljeno gravuro.<\/p>\n<p>&nbsp;<\/p>\n","protected":false},"featured_media":35518,"template":"","meta":[],"product_brand":[],"product_cat":[269],"product_tag":[],"class_list":{"0":"post-35517","1":"product","2":"type-product","3":"status-publish","4":"has-post-thumbnail","6":"product_cat-poroka-rojstni-dan-abraham-posebne-priloznosti","8":"wcpa_has_options","10":"first","11":"instock","12":"shipping-taxable","13":"purchasable","14":"product-type-variable"},"_links":{"self":[{"href":"https:\/\/www.jelenov-greben.si\/trgovina\/wp-json\/wp\/v2\/product\/35517","targetHints":{"allow":["GET"]}}],"collection":[{"href":"https:\/\/www.jelenov-greben.si\/trgovina\/wp-json\/wp\/v2\/product"}],"about":[{"href":"https:\/\/www.jelenov-greben.si\/trgovina\/wp-json\/wp\/v2\/types\/product"}],"wp:featuredmedia":[{"embeddable":true,"href":"https:\/\/www.jelenov-greben.si\/trgovina\/wp-json\/wp\/v2\/media\/35518"}],"wp:attachment":[{"href":"https:\/\/www.jelenov-greben.si\/trgovina\/wp-json\/wp\/v2\/media?parent=35517"}],"wp:term":[{"taxonomy":"product_brand","embeddable":true,"href":"https:\/\/www.jelenov-greben.si\/trgovina\/wp-json\/wp\/v2\/product_brand?post=35517"},{"taxonomy":"product_cat","embeddable":true,"href":"https:\/\/www.jelenov-greben.si\/trgovina\/wp-json\/wp\/v2\/product_cat?post=35517"},{"taxonomy":"product_tag","embeddable":true,"href":"https:\/\/www.jelenov-greben.si\/trgovina\/wp-json\/wp\/v2\/product_tag?post=35517"}],"curies":[{"name":"wp","href":"https:\/\/api.w.org\/{rel}","templated":true}]}}