{"id":35524,"date":"2026-04-29T13:07:12","date_gmt":"2026-04-29T12:07:12","guid":{"rendered":"https:\/\/www.jelenov-greben.si\/trgovina\/?post_type=product&#038;p=35524"},"modified":"2026-04-29T13:07:12","modified_gmt":"2026-04-29T12:07:12","slug":"eleganca-med-z-zlicko","status":"publish","type":"product","link":"https:\/\/www.jelenov-greben.si\/trgovina\/izdelek\/eleganca-med-z-zlicko\/","title":{"rendered":"ELEGANCA MED Z \u017dLI\u010cKO"},"content":{"rendered":"<p>poro\u010dna darila | darila za svate | darila za goste | poroka | wedding | wedding gifts | gift | jelenov greben poro\u010dna darila |<\/p>\n","protected":false},"excerpt":{"rendered":"<p>Slovenski med v elegantni rjavi embala\u017ei z leseno gravirano \u017eli\u010dko &#8221;Ljubezen je sladka&#8221; in sr\u010dkom z vajino gravuro bo o\u010daral svate na poroki.<\/p>\n<p>Pod besedilo napi\u0161ite \u017eeljeno gravuro in izberite okus medu.<\/p>\n<p>\u010cas izdelave 3- 7 dni<\/p>\n","protected":false},"featured_media":35530,"template":"","meta":[],"product_brand":[],"product_cat":[269],"product_tag":[],"class_list":{"0":"post-35524","1":"product","2":"type-product","3":"status-publish","4":"has-post-thumbnail","6":"product_cat-poroka-rojstni-dan-abraham-posebne-priloznosti","8":"wcpa_has_options","10":"first","11":"instock","12":"shipping-taxable","13":"purchasable","14":"product-type-variable"},"_links":{"self":[{"href":"https:\/\/www.jelenov-greben.si\/trgovina\/wp-json\/wp\/v2\/product\/35524","targetHints":{"allow":["GET"]}}],"collection":[{"href":"https:\/\/www.jelenov-greben.si\/trgovina\/wp-json\/wp\/v2\/product"}],"about":[{"href":"https:\/\/www.jelenov-greben.si\/trgovina\/wp-json\/wp\/v2\/types\/product"}],"wp:featuredmedia":[{"embeddable":true,"href":"https:\/\/www.jelenov-greben.si\/trgovina\/wp-json\/wp\/v2\/media\/35530"}],"wp:attachment":[{"href":"https:\/\/www.jelenov-greben.si\/trgovina\/wp-json\/wp\/v2\/media?parent=35524"}],"wp:term":[{"taxonomy":"product_brand","embeddable":true,"href":"https:\/\/www.jelenov-greben.si\/trgovina\/wp-json\/wp\/v2\/product_brand?post=35524"},{"taxonomy":"product_cat","embeddable":true,"href":"https:\/\/www.jelenov-greben.si\/trgovina\/wp-json\/wp\/v2\/product_cat?post=35524"},{"taxonomy":"product_tag","embeddable":true,"href":"https:\/\/www.jelenov-greben.si\/trgovina\/wp-json\/wp\/v2\/product_tag?post=35524"}],"curies":[{"name":"wp","href":"https:\/\/api.w.org\/{rel}","templated":true}]}}