{"id":35532,"date":"2026-04-29T13:37:58","date_gmt":"2026-04-29T12:37:58","guid":{"rendered":"https:\/\/www.jelenov-greben.si\/trgovina\/?post_type=product&#038;p=35532"},"modified":"2026-04-29T13:37:58","modified_gmt":"2026-04-29T12:37:58","slug":"obesek-za-kljuce-bistvo-vsega-je-ljubezen","status":"publish","type":"product","link":"https:\/\/www.jelenov-greben.si\/trgovina\/izdelek\/obesek-za-kljuce-bistvo-vsega-je-ljubezen\/","title":{"rendered":"OBESEK ZA KLJU\u010cE &#8211; BISTVO VSEGA JE LJUBEZEN"},"content":{"rendered":"<p>poro\u010dna darila | darila za svate | darila za goste | poroka | wedding | wedding gifts | gift | jelenov greben poro\u010dna darila | darila za rojstni dan | personalizirana darila<\/p>\n","protected":false},"excerpt":{"rendered":"<p>Lesen obesek za klju\u010de z gravuro BISTVO VSEGA JE LJUBEZEN.<\/p>\n<p>Pod besedilo napi\u0161ite va\u0161a imena in datum<\/p>\n","protected":false},"featured_media":35533,"template":"","meta":[],"product_brand":[],"product_cat":[269],"product_tag":[],"class_list":{"0":"post-35532","1":"product","2":"type-product","3":"status-publish","4":"has-post-thumbnail","6":"product_cat-poroka-rojstni-dan-abraham-posebne-priloznosti","8":"wcpa_has_options","10":"first","11":"instock","12":"shipping-taxable","13":"purchasable","14":"product-type-simple"},"_links":{"self":[{"href":"https:\/\/www.jelenov-greben.si\/trgovina\/wp-json\/wp\/v2\/product\/35532","targetHints":{"allow":["GET"]}}],"collection":[{"href":"https:\/\/www.jelenov-greben.si\/trgovina\/wp-json\/wp\/v2\/product"}],"about":[{"href":"https:\/\/www.jelenov-greben.si\/trgovina\/wp-json\/wp\/v2\/types\/product"}],"wp:featuredmedia":[{"embeddable":true,"href":"https:\/\/www.jelenov-greben.si\/trgovina\/wp-json\/wp\/v2\/media\/35533"}],"wp:attachment":[{"href":"https:\/\/www.jelenov-greben.si\/trgovina\/wp-json\/wp\/v2\/media?parent=35532"}],"wp:term":[{"taxonomy":"product_brand","embeddable":true,"href":"https:\/\/www.jelenov-greben.si\/trgovina\/wp-json\/wp\/v2\/product_brand?post=35532"},{"taxonomy":"product_cat","embeddable":true,"href":"https:\/\/www.jelenov-greben.si\/trgovina\/wp-json\/wp\/v2\/product_cat?post=35532"},{"taxonomy":"product_tag","embeddable":true,"href":"https:\/\/www.jelenov-greben.si\/trgovina\/wp-json\/wp\/v2\/product_tag?post=35532"}],"curies":[{"name":"wp","href":"https:\/\/api.w.org\/{rel}","templated":true}]}}